{"id":299,"date":"2024-07-12T03:00:56","date_gmt":"2024-07-12T03:00:56","guid":{"rendered":"http:\/\/localhost:8888\/?page_id=299"},"modified":"2025-08-18T22:53:38","modified_gmt":"2025-08-18T13:53:38","slug":"page","status":"publish","type":"page","link":"https:\/\/www.haiyenstudio.jp\/index.php\/vi\/page\/","title":{"rendered":"Gi\u1edbi Thi\u1ec7u"},"content":{"rendered":"\n<div style=\"height:80px\" aria-hidden=\"true\" class=\"wp-block-spacer\"><\/div>\n\n\n\n<div class=\"wp-block-columns container is-layout-flex wp-container-core-columns-is-layout-9d6595d7 wp-block-columns-is-layout-flex\">\n<div class=\"wp-block-column page-left-content is-layout-flow wp-block-column-is-layout-flow\" style=\"flex-basis:66.66%\">\n<p>N\u00f3i \u0111\u1ebfn ng\u00e0nh \u1ea3nh\u00a0vi\u1ec7n \u00e1o c\u01b0\u1edbi\u00a0Tokyo, H\u1ea3i Y\u1ebfn Wedding \u0111\u01b0\u1ee3c \u0111\u00e1nh gi\u00e1 l\u00e0 Studio ch\u1ee5p \u1ea3nh c\u01b0\u1edbi chuy\u00ean nghi\u1ec7p v\u00e0 \u0111\u1eb3ng c\u1ea5p nh\u1ea5t. V\u1edbi \u0111\u1ed9i ng\u0169 nh\u00e2n vi\u00ean t\u01b0 v\u1ea5n nhi\u1ec7t t\u00ecnh, th\u00e2n thi\u1ec7n c\u00f9ng \u00ea-k\u00edp photographer, makeup, photoshop chuy\u00ean nghi\u1ec7p \u0111\u00e3 v\u00e0 \u0111ang mang \u0111\u1ebfn nh\u1eefng b\u1ed9 \u1ea3nh c\u01b0\u1edbi \u0111\u1eb9p, ho\u00e0nh tr\u00e1ng v\u00e0 \u0111a d\u1ea1ng phong c\u00e1ch cho c\u00e1c c\u1eb7p \u0111\u00f4i khi l\u1ef1a ch\u1ecdn \u0111\u1ebfn v\u1edbi H\u1ea3i Y\u1ebfn Wedding.<\/p>\n\n\n\n<div class=\"wp-block-columns is-layout-flex wp-container-core-columns-is-layout-9d6595d7 wp-block-columns-is-layout-flex\">\n<div class=\"wp-block-column is-layout-flow wp-block-column-is-layout-flow\">\n<figure class=\"wp-block-gallery has-nested-images columns-default is-cropped wp-block-gallery-1 is-layout-flex wp-block-gallery-is-layout-flex\">\n<figure class=\"wp-block-image size-large\"><img loading=\"lazy\" decoding=\"async\" width=\"683\" height=\"1024\" data-id=\"676\" src=\"https:\/\/www.haiyenstudio.jp\/wp-content\/uploads\/2024\/08\/NAT_0477-683x1024.jpg\" alt=\"\" class=\"wp-image-676\" srcset=\"https:\/\/www.haiyenstudio.jp\/wp-content\/uploads\/2024\/08\/NAT_0477-683x1024.jpg 683w, https:\/\/www.haiyenstudio.jp\/wp-content\/uploads\/2024\/08\/NAT_0477-scaled-600x900.jpg 600w, https:\/\/www.haiyenstudio.jp\/wp-content\/uploads\/2024\/08\/NAT_0477-200x300.jpg 200w, https:\/\/www.haiyenstudio.jp\/wp-content\/uploads\/2024\/08\/NAT_0477-768x1152.jpg 768w, https:\/\/www.haiyenstudio.jp\/wp-content\/uploads\/2024\/08\/NAT_0477-1024x1536.jpg 1024w, https:\/\/www.haiyenstudio.jp\/wp-content\/uploads\/2024\/08\/NAT_0477-1365x2048.jpg 1365w, https:\/\/www.haiyenstudio.jp\/wp-content\/uploads\/2024\/08\/NAT_0477-scaled.jpg 1707w\" sizes=\"auto, (max-width: 683px) 100vw, 683px\" \/><\/figure>\n\n\n\n<figure class=\"wp-block-image size-large\"><img loading=\"lazy\" decoding=\"async\" width=\"682\" height=\"1024\" data-id=\"654\" src=\"https:\/\/www.haiyenstudio.jp\/wp-content\/uploads\/2024\/08\/30-682x1024.jpg\" alt=\"\" class=\"wp-image-654\" srcset=\"https:\/\/www.haiyenstudio.jp\/wp-content\/uploads\/2024\/08\/30-682x1024.jpg 682w, https:\/\/www.haiyenstudio.jp\/wp-content\/uploads\/2024\/08\/30-scaled-600x901.jpg 600w, https:\/\/www.haiyenstudio.jp\/wp-content\/uploads\/2024\/08\/30-200x300.jpg 200w, https:\/\/www.haiyenstudio.jp\/wp-content\/uploads\/2024\/08\/30-768x1154.jpg 768w, https:\/\/www.haiyenstudio.jp\/wp-content\/uploads\/2024\/08\/30-1022x1536.jpg 1022w, https:\/\/www.haiyenstudio.jp\/wp-content\/uploads\/2024\/08\/30-1363x2048.jpg 1363w, https:\/\/www.haiyenstudio.jp\/wp-content\/uploads\/2024\/08\/30-scaled.jpg 1704w\" sizes=\"auto, (max-width: 682px) 100vw, 682px\" \/><\/figure>\n\n\n\n<figure class=\"wp-block-image size-large\"><img loading=\"lazy\" decoding=\"async\" width=\"683\" height=\"1024\" data-id=\"634\" src=\"https:\/\/www.haiyenstudio.jp\/wp-content\/uploads\/2024\/08\/NAT_7627-683x1024.jpg\" alt=\"\" class=\"wp-image-634\" srcset=\"https:\/\/www.haiyenstudio.jp\/wp-content\/uploads\/2024\/08\/NAT_7627-683x1024.jpg 683w, https:\/\/www.haiyenstudio.jp\/wp-content\/uploads\/2024\/08\/NAT_7627-scaled-600x900.jpg 600w, https:\/\/www.haiyenstudio.jp\/wp-content\/uploads\/2024\/08\/NAT_7627-200x300.jpg 200w, https:\/\/www.haiyenstudio.jp\/wp-content\/uploads\/2024\/08\/NAT_7627-768x1152.jpg 768w, https:\/\/www.haiyenstudio.jp\/wp-content\/uploads\/2024\/08\/NAT_7627-1024x1536.jpg 1024w, https:\/\/www.haiyenstudio.jp\/wp-content\/uploads\/2024\/08\/NAT_7627-1365x2048.jpg 1365w, https:\/\/www.haiyenstudio.jp\/wp-content\/uploads\/2024\/08\/NAT_7627-scaled.jpg 1707w\" sizes=\"auto, (max-width: 683px) 100vw, 683px\" \/><\/figure>\n\n\n\n<figure class=\"wp-block-image size-large\"><img loading=\"lazy\" decoding=\"async\" width=\"682\" height=\"1024\" data-id=\"626\" src=\"https:\/\/www.haiyenstudio.jp\/wp-content\/uploads\/2024\/08\/NAT_4194-682x1024.jpg\" alt=\"\" class=\"wp-image-626\" srcset=\"https:\/\/www.haiyenstudio.jp\/wp-content\/uploads\/2024\/08\/NAT_4194-682x1024.jpg 682w, https:\/\/www.haiyenstudio.jp\/wp-content\/uploads\/2024\/08\/NAT_4194-scaled-600x901.jpg 600w, https:\/\/www.haiyenstudio.jp\/wp-content\/uploads\/2024\/08\/NAT_4194-200x300.jpg 200w, https:\/\/www.haiyenstudio.jp\/wp-content\/uploads\/2024\/08\/NAT_4194-768x1153.jpg 768w, https:\/\/www.haiyenstudio.jp\/wp-content\/uploads\/2024\/08\/NAT_4194-1023x1536.jpg 1023w, https:\/\/www.haiyenstudio.jp\/wp-content\/uploads\/2024\/08\/NAT_4194-1364x2048.jpg 1364w, https:\/\/www.haiyenstudio.jp\/wp-content\/uploads\/2024\/08\/NAT_4194-scaled.jpg 1705w\" sizes=\"auto, (max-width: 682px) 100vw, 682px\" \/><\/figure>\n\n\n\n<figure class=\"wp-block-image size-large\"><img loading=\"lazy\" decoding=\"async\" width=\"681\" height=\"1024\" data-id=\"613\" src=\"https:\/\/www.haiyenstudio.jp\/wp-content\/uploads\/2024\/08\/NAT_3344-681x1024.jpg\" alt=\"\" class=\"wp-image-613\" srcset=\"https:\/\/www.haiyenstudio.jp\/wp-content\/uploads\/2024\/08\/NAT_3344-681x1024.jpg 681w, https:\/\/www.haiyenstudio.jp\/wp-content\/uploads\/2024\/08\/NAT_3344-scaled-600x902.jpg 600w, https:\/\/www.haiyenstudio.jp\/wp-content\/uploads\/2024\/08\/NAT_3344-200x300.jpg 200w, https:\/\/www.haiyenstudio.jp\/wp-content\/uploads\/2024\/08\/NAT_3344-768x1154.jpg 768w, https:\/\/www.haiyenstudio.jp\/wp-content\/uploads\/2024\/08\/NAT_3344-1022x1536.jpg 1022w, https:\/\/www.haiyenstudio.jp\/wp-content\/uploads\/2024\/08\/NAT_3344-1363x2048.jpg 1363w, https:\/\/www.haiyenstudio.jp\/wp-content\/uploads\/2024\/08\/NAT_3344-scaled.jpg 1703w\" sizes=\"auto, (max-width: 681px) 100vw, 681px\" \/><\/figure>\n\n\n\n<figure class=\"wp-block-image size-large\"><img loading=\"lazy\" decoding=\"async\" width=\"681\" height=\"1024\" data-id=\"607\" src=\"https:\/\/www.haiyenstudio.jp\/wp-content\/uploads\/2024\/08\/NAT_2850-681x1024.jpg\" alt=\"\" class=\"wp-image-607\" srcset=\"https:\/\/www.haiyenstudio.jp\/wp-content\/uploads\/2024\/08\/NAT_2850-681x1024.jpg 681w, https:\/\/www.haiyenstudio.jp\/wp-content\/uploads\/2024\/08\/NAT_2850-scaled-600x902.jpg 600w, https:\/\/www.haiyenstudio.jp\/wp-content\/uploads\/2024\/08\/NAT_2850-200x300.jpg 200w, https:\/\/www.haiyenstudio.jp\/wp-content\/uploads\/2024\/08\/NAT_2850-768x1154.jpg 768w, https:\/\/www.haiyenstudio.jp\/wp-content\/uploads\/2024\/08\/NAT_2850-1022x1536.jpg 1022w, https:\/\/www.haiyenstudio.jp\/wp-content\/uploads\/2024\/08\/NAT_2850-1363x2048.jpg 1363w, https:\/\/www.haiyenstudio.jp\/wp-content\/uploads\/2024\/08\/NAT_2850-scaled.jpg 1703w\" sizes=\"auto, (max-width: 681px) 100vw, 681px\" \/><\/figure>\n<\/figure>\n<\/div>\n<\/div>\n\n\n\n<div style=\"height:20px\" aria-hidden=\"true\" class=\"wp-block-spacer\"><\/div>\n\n\n\n<p><em><strong>C\u00f9ng chi\u00eam ng\u1eafm c\u00e1c s\u1ea3n ph\u1ea9m tuy\u1ec7t v\u1eddi t\u1eeb 100% kh\u00e1ch h\u00e0ng c\u1ee7a H\u1ea3i Y\u1ebfn Wedding nh\u00e9 c\u00e1c b\u1ea1n<\/strong><\/em><\/p>\n\n\n\n<div style=\"height:20px\" aria-hidden=\"true\" class=\"wp-block-spacer\"><\/div>\n\n\n\n<figure class=\"wp-block-gallery has-nested-images columns-default is-cropped wp-block-gallery-2 is-layout-flex wp-block-gallery-is-layout-flex\">\n<figure class=\"wp-block-image size-large\"><img loading=\"lazy\" decoding=\"async\" width=\"1024\" height=\"682\" data-id=\"690\" src=\"https:\/\/www.haiyenstudio.jp\/wp-content\/uploads\/2024\/08\/NAT_1574-1024x682.jpg\" alt=\"\" class=\"wp-image-690\" srcset=\"https:\/\/www.haiyenstudio.jp\/wp-content\/uploads\/2024\/08\/NAT_1574-1024x682.jpg 1024w, https:\/\/www.haiyenstudio.jp\/wp-content\/uploads\/2024\/08\/NAT_1574-scaled-600x400.jpg 600w, https:\/\/www.haiyenstudio.jp\/wp-content\/uploads\/2024\/08\/NAT_1574-300x200.jpg 300w, https:\/\/www.haiyenstudio.jp\/wp-content\/uploads\/2024\/08\/NAT_1574-768x512.jpg 768w, https:\/\/www.haiyenstudio.jp\/wp-content\/uploads\/2024\/08\/NAT_1574-1536x1023.jpg 1536w, https:\/\/www.haiyenstudio.jp\/wp-content\/uploads\/2024\/08\/NAT_1574-2048x1364.jpg 2048w\" sizes=\"auto, (max-width: 1024px) 100vw, 1024px\" \/><\/figure>\n\n\n\n<figure class=\"wp-block-image size-large\"><img loading=\"lazy\" decoding=\"async\" width=\"1024\" height=\"683\" data-id=\"677\" src=\"https:\/\/www.haiyenstudio.jp\/wp-content\/uploads\/2024\/08\/NAT_0501-1024x683.jpg\" alt=\"\" class=\"wp-image-677\" srcset=\"https:\/\/www.haiyenstudio.jp\/wp-content\/uploads\/2024\/08\/NAT_0501-1024x683.jpg 1024w, https:\/\/www.haiyenstudio.jp\/wp-content\/uploads\/2024\/08\/NAT_0501-scaled-600x400.jpg 600w, https:\/\/www.haiyenstudio.jp\/wp-content\/uploads\/2024\/08\/NAT_0501-300x200.jpg 300w, https:\/\/www.haiyenstudio.jp\/wp-content\/uploads\/2024\/08\/NAT_0501-768x512.jpg 768w, https:\/\/www.haiyenstudio.jp\/wp-content\/uploads\/2024\/08\/NAT_0501-1536x1024.jpg 1536w, https:\/\/www.haiyenstudio.jp\/wp-content\/uploads\/2024\/08\/NAT_0501-2048x1365.jpg 2048w\" sizes=\"auto, (max-width: 1024px) 100vw, 1024px\" \/><\/figure>\n\n\n\n<figure class=\"wp-block-image size-large\"><img loading=\"lazy\" decoding=\"async\" width=\"1024\" height=\"683\" data-id=\"645\" src=\"https:\/\/www.haiyenstudio.jp\/wp-content\/uploads\/2024\/08\/04-1024x683.jpg\" alt=\"\" class=\"wp-image-645\" srcset=\"https:\/\/www.haiyenstudio.jp\/wp-content\/uploads\/2024\/08\/04-1024x683.jpg 1024w, https:\/\/www.haiyenstudio.jp\/wp-content\/uploads\/2024\/08\/04-scaled-600x400.jpg 600w, https:\/\/www.haiyenstudio.jp\/wp-content\/uploads\/2024\/08\/04-300x200.jpg 300w, https:\/\/www.haiyenstudio.jp\/wp-content\/uploads\/2024\/08\/04-768x512.jpg 768w, https:\/\/www.haiyenstudio.jp\/wp-content\/uploads\/2024\/08\/04-1536x1025.jpg 1536w, https:\/\/www.haiyenstudio.jp\/wp-content\/uploads\/2024\/08\/04-2048x1366.jpg 2048w\" sizes=\"auto, (max-width: 1024px) 100vw, 1024px\" \/><figcaption class=\"wp-element-caption\">Evoto<\/figcaption><\/figure>\n\n\n\n<figure class=\"wp-block-image size-large\"><img loading=\"lazy\" decoding=\"async\" width=\"1024\" height=\"683\" data-id=\"632\" src=\"https:\/\/www.haiyenstudio.jp\/wp-content\/uploads\/2024\/08\/NAT_7590-1024x683.jpg\" alt=\"\" class=\"wp-image-632\" srcset=\"https:\/\/www.haiyenstudio.jp\/wp-content\/uploads\/2024\/08\/NAT_7590-1024x683.jpg 1024w, https:\/\/www.haiyenstudio.jp\/wp-content\/uploads\/2024\/08\/NAT_7590-scaled-600x400.jpg 600w, https:\/\/www.haiyenstudio.jp\/wp-content\/uploads\/2024\/08\/NAT_7590-300x200.jpg 300w, https:\/\/www.haiyenstudio.jp\/wp-content\/uploads\/2024\/08\/NAT_7590-768x512.jpg 768w, https:\/\/www.haiyenstudio.jp\/wp-content\/uploads\/2024\/08\/NAT_7590-1536x1024.jpg 1536w, https:\/\/www.haiyenstudio.jp\/wp-content\/uploads\/2024\/08\/NAT_7590-2048x1365.jpg 2048w\" sizes=\"auto, (max-width: 1024px) 100vw, 1024px\" \/><\/figure>\n\n\n\n<figure class=\"wp-block-image size-large\"><img loading=\"lazy\" decoding=\"async\" width=\"1024\" height=\"683\" data-id=\"629\" src=\"https:\/\/www.haiyenstudio.jp\/wp-content\/uploads\/2024\/08\/NAT_7434-1-1024x683.jpg\" alt=\"\" class=\"wp-image-629\" srcset=\"https:\/\/www.haiyenstudio.jp\/wp-content\/uploads\/2024\/08\/NAT_7434-1-1024x683.jpg 1024w, https:\/\/www.haiyenstudio.jp\/wp-content\/uploads\/2024\/08\/NAT_7434-1-scaled-600x400.jpg 600w, https:\/\/www.haiyenstudio.jp\/wp-content\/uploads\/2024\/08\/NAT_7434-1-300x200.jpg 300w, https:\/\/www.haiyenstudio.jp\/wp-content\/uploads\/2024\/08\/NAT_7434-1-768x512.jpg 768w, https:\/\/www.haiyenstudio.jp\/wp-content\/uploads\/2024\/08\/NAT_7434-1-1536x1024.jpg 1536w, https:\/\/www.haiyenstudio.jp\/wp-content\/uploads\/2024\/08\/NAT_7434-1-2048x1365.jpg 2048w\" sizes=\"auto, (max-width: 1024px) 100vw, 1024px\" \/><\/figure>\n\n\n\n<figure class=\"wp-block-image size-large\"><img loading=\"lazy\" decoding=\"async\" width=\"1024\" height=\"682\" data-id=\"619\" src=\"https:\/\/www.haiyenstudio.jp\/wp-content\/uploads\/2024\/08\/NAT_3957-1024x682.jpg\" alt=\"\" class=\"wp-image-619\" srcset=\"https:\/\/www.haiyenstudio.jp\/wp-content\/uploads\/2024\/08\/NAT_3957-1024x682.jpg 1024w, https:\/\/www.haiyenstudio.jp\/wp-content\/uploads\/2024\/08\/NAT_3957-scaled-600x400.jpg 600w, https:\/\/www.haiyenstudio.jp\/wp-content\/uploads\/2024\/08\/NAT_3957-300x200.jpg 300w, https:\/\/www.haiyenstudio.jp\/wp-content\/uploads\/2024\/08\/NAT_3957-768x512.jpg 768w, https:\/\/www.haiyenstudio.jp\/wp-content\/uploads\/2024\/08\/NAT_3957-1536x1023.jpg 1536w, https:\/\/www.haiyenstudio.jp\/wp-content\/uploads\/2024\/08\/NAT_3957-2048x1364.jpg 2048w\" sizes=\"auto, (max-width: 1024px) 100vw, 1024px\" \/><\/figure>\n<\/figure>\n\n\n\n<div style=\"height:20px\" aria-hidden=\"true\" class=\"wp-block-spacer\"><\/div>\n\n\n\n<p><strong>H\u1ea3i Y\u1ebfn Wedding<\/strong>&nbsp;lu\u00f4n c\u1eadp nh\u1eadt nh\u1eefng xu h\u01b0\u1edbng ch\u1ee5p \u1ea3nh, trang \u0111i\u1ec3m m\u1edbi \u0111\u1ec3 mang \u0111\u1ebfn cho kh\u00e1ch h\u00e0ng b\u1ed9 \u1ea3nh c\u01b0\u1edbi phong c\u00e1ch, mang m\u00e0u s\u1eafc ri\u00eang c\u1ee7a t\u1eebng c\u1eb7p \u0111\u00f4i. N\u01a1i th\u0103ng hoa c\u00f9ng&nbsp;c\u1ea3m x\u00fac <strong>H\u1ea3i Y\u1ebfn Wedding<\/strong> h\u1ee9a h\u1eb9n s\u1ebd mang \u0111\u1ebfn cho qu\u00fd kh\u00e1ch nh\u1eefng m\u00f3n qu\u00e0 tuy\u1ec7t v\u1eddi \u2013 nh\u1eefng b\u1ed9 \u1ea3nh c\u01b0\u1edbi tinh t\u1ebf, mang \u0111\u1eb7c tr\u01b0ng ri\u00eang c\u1ee7a studio. \u0110\u1ebfn v\u1edbi<strong>&nbsp;H\u1ea3i Y\u1ebfn Wedding<\/strong>, qu\u00fd kh\u00e1ch s\u1ebd kh\u00f4ng ph\u1ea3i lo l\u1eafng v\u1ec1 ch\u1ea5t l\u01b0\u1ee3ng v\u00e0 h\u00e0i l\u00f2ng v\u1ec1 phong c\u00e1ch ph\u1ee5c v\u1ee5 chu \u0111\u00e1o, chuy\u00ean nghi\u1ec7p.<\/p>\n<\/div>\n\n\n\n<div class=\"wp-block-column is-layout-flow wp-block-column-is-layout-flow\" style=\"flex-basis:33.33%\"><form role=\"search\" method=\"get\" action=\"https:\/\/www.haiyenstudio.jp\/\" class=\"wp-block-search__button-outside wp-block-search__text-button search-page wp-block-search\"    ><label class=\"wp-block-search__label\" for=\"wp-block-search__input-3\" >Search<\/label><div class=\"wp-block-search__inside-wrapper\"  style=\"width: 277px\"><input class=\"wp-block-search__input\" id=\"wp-block-search__input-3\" placeholder=\"\" value=\"\" type=\"search\" name=\"s\" required \/><button aria-label=\"Search\" class=\"wp-block-search__button wp-element-button\" type=\"submit\" >Search<\/button><\/div><\/form>\n\n\n<div style=\"height:60px\" aria-hidden=\"true\" class=\"wp-block-spacer\"><\/div>\n\n\n\n<div id=\"text-2\" class=\"sidebar-widget widget_text\"><h4 class=\"title\">About Us<\/h4>\t\t\t<div class=\"textwidget\"><p>Lorem Ipsum is simply dummy text of the printing and typesetting industry. Lorem ipsum has been the industry\u2019s standard dummy text ever since the 1500s when an unknown printer.<\/p>\n<\/div>\n\t\t<\/div>\n\n\n\n<div style=\"height:60px\" aria-hidden=\"true\" class=\"wp-block-spacer\"><\/div>\n\n\n\n<h3 class=\"wp-block-heading widget_calendar\">Calender<\/h3>\n\n\n<div class=\"wp-block-calendar\"><table id=\"wp-calendar\" class=\"wp-calendar-table\">\n\t<caption>Th\u00e1ng 4 2026<\/caption>\n\t<thead>\n\t<tr>\n\t\t<th scope=\"col\" aria-label=\"Th\u1ee9 Hai\">H<\/th>\n\t\t<th scope=\"col\" aria-label=\"Th\u1ee9 Ba\">B<\/th>\n\t\t<th scope=\"col\" aria-label=\"Th\u1ee9 T\u01b0\">T<\/th>\n\t\t<th scope=\"col\" aria-label=\"Th\u1ee9 N\u0103m\">N<\/th>\n\t\t<th scope=\"col\" aria-label=\"Th\u1ee9 S\u00e1u\">S<\/th>\n\t\t<th scope=\"col\" aria-label=\"Th\u1ee9 B\u1ea3y\">B<\/th>\n\t\t<th scope=\"col\" aria-label=\"Ch\u1ee7 Nh\u1eadt\">C<\/th>\n\t<\/tr>\n\t<\/thead>\n\t<tbody>\n\t<tr>\n\t\t<td colspan=\"2\" class=\"pad\">&nbsp;<\/td><td>1<\/td><td>2<\/td><td>3<\/td><td>4<\/td><td>5<\/td>\n\t<\/tr>\n\t<tr>\n\t\t<td>6<\/td><td>7<\/td><td>8<\/td><td>9<\/td><td>10<\/td><td>11<\/td><td>12<\/td>\n\t<\/tr>\n\t<tr>\n\t\t<td>13<\/td><td>14<\/td><td>15<\/td><td>16<\/td><td>17<\/td><td>18<\/td><td>19<\/td>\n\t<\/tr>\n\t<tr>\n\t\t<td>20<\/td><td>21<\/td><td id=\"today\">22<\/td><td>23<\/td><td>24<\/td><td>25<\/td><td>26<\/td>\n\t<\/tr>\n\t<tr>\n\t\t<td>27<\/td><td>28<\/td><td>29<\/td><td>30<\/td>\n\t\t<td class=\"pad\" colspan=\"3\">&nbsp;<\/td>\n\t<\/tr>\n\t<\/tbody>\n\t<\/table><nav aria-label=\"Th\u00e1ng tr\u01b0\u1edbc v\u00e0 th\u00e1ng t\u1edbi\" class=\"wp-calendar-nav\">\n\t\t<span class=\"wp-calendar-nav-prev\"><a href=\"https:\/\/www.haiyenstudio.jp\/index.php\/2025\/08\/\">&laquo; Th8<\/a><\/span>\n\t\t<span class=\"pad\">&nbsp;<\/span>\n\t\t<span class=\"wp-calendar-nav-next\">&nbsp;<\/span>\n\t<\/nav><\/div><\/div>\n<\/div>\n\n\n\n<div style=\"height:40px\" aria-hidden=\"true\" class=\"wp-block-spacer\"><\/div>\n","protected":false},"excerpt":{"rendered":"<p>N\u00f3i \u0111\u1ebfn ng\u00e0nh \u1ea3nh\u00a0vi\u1ec7n \u00e1o c\u01b0\u1edbi\u00a0Tokyo, H\u1ea3i Y\u1ebfn Wedding \u0111\u01b0\u1ee3c \u0111\u00e1nh gi\u00e1 l\u00e0 Studio ch\u1ee5p \u1ea3nh c\u01b0\u1edbi chuy\u00ean nghi\u1ec7p v\u00e0 \u0111\u1eb3ng c\u1ea5p nh\u1ea5t. V\u1edbi \u0111\u1ed9i ng\u0169 nh\u00e2n vi\u00ean t\u01b0 v\u1ea5n nhi\u1ec7t t\u00ecnh, th\u00e2n thi\u1ec7n c\u00f9ng \u00ea-k\u00edp photographer, makeup, photoshop chuy\u00ean nghi\u1ec7p \u0111\u00e3 v\u00e0 \u0111ang mang \u0111\u1ebfn nh\u1eefng b\u1ed9 \u1ea3nh c\u01b0\u1edbi \u0111\u1eb9p, ho\u00e0nh tr\u00e1ng v\u00e0 \u0111a [&hellip;]<\/p>\n","protected":false},"author":1,"featured_media":820,"parent":0,"menu_order":0,"comment_status":"closed","ping_status":"closed","template":"","meta":{"footnotes":""},"class_list":["post-299","page","type-page","status-publish","has-post-thumbnail","hentry"],"_links":{"self":[{"href":"https:\/\/www.haiyenstudio.jp\/index.php\/wp-json\/wp\/v2\/pages\/299","targetHints":{"allow":["GET"]}}],"collection":[{"href":"https:\/\/www.haiyenstudio.jp\/index.php\/wp-json\/wp\/v2\/pages"}],"about":[{"href":"https:\/\/www.haiyenstudio.jp\/index.php\/wp-json\/wp\/v2\/types\/page"}],"author":[{"embeddable":true,"href":"https:\/\/www.haiyenstudio.jp\/index.php\/wp-json\/wp\/v2\/users\/1"}],"replies":[{"embeddable":true,"href":"https:\/\/www.haiyenstudio.jp\/index.php\/wp-json\/wp\/v2\/comments?post=299"}],"version-history":[{"count":24,"href":"https:\/\/www.haiyenstudio.jp\/index.php\/wp-json\/wp\/v2\/pages\/299\/revisions"}],"predecessor-version":[{"id":1633,"href":"https:\/\/www.haiyenstudio.jp\/index.php\/wp-json\/wp\/v2\/pages\/299\/revisions\/1633"}],"wp:featuredmedia":[{"embeddable":true,"href":"https:\/\/www.haiyenstudio.jp\/index.php\/wp-json\/wp\/v2\/media\/820"}],"wp:attachment":[{"href":"https:\/\/www.haiyenstudio.jp\/index.php\/wp-json\/wp\/v2\/media?parent=299"}],"curies":[{"name":"wp","href":"https:\/\/api.w.org\/{rel}","templated":true}]}}