{"id":123,"date":"2024-07-05T03:03:54","date_gmt":"2024-07-05T03:03:54","guid":{"rendered":"http:\/\/localhost:8888\/?post_type=product&#038;p=123"},"modified":"2024-08-28T16:55:45","modified_gmt":"2024-08-28T07:55:45","slug":"phusy2","status":"publish","type":"product","link":"https:\/\/www.haiyenstudio.jp\/index.php\/product\/phusy2\/","title":{"rendered":"G\u00f3i Ph\u00fa S\u1ef9 2"},"content":{"rendered":"<p>4 Trang Ph\u1ee5c<\/p>\n<ul>\n<li><span class=\"OYPEnA font-feature-liga-off font-feature-clig-off font-feature-calt-off text-decoration-none text-strikethrough-none\">02 v\u00e1y c\u01b0\u1edbi cao c\u1ea5p<\/span><\/li>\n<li><span class=\"OYPEnA font-feature-liga-off font-feature-clig-off font-feature-calt-off text-decoration-none text-strikethrough-none\">02 vest (n\u01a1, c\u00e0 v\u1ea1t)<\/span><\/li>\n<li><span class=\"OYPEnA font-feature-liga-off font-feature-clig-off font-feature-calt-off text-decoration-none text-strikethrough-none\">Couple kimono cao c\u1ea5p ho\u1eb7c furisode<\/span><\/li>\n<li><span class=\"OYPEnA font-feature-liga-off font-feature-clig-off font-feature-calt-off text-decoration-none text-strikethrough-none\">01 b\u1ed9 \u0111\u1eddi th\u01b0\u1eddng (Kh\u00e1ch t\u1ef1 ch\u1ecdn)<\/span><\/li>\n<li><span class=\"OYPEnA font-feature-liga-off font-feature-clig-off font-feature-calt-off text-decoration-none text-strikethrough-none\">Ph\u1ee5 ki\u1ec7n (voan t\u00f3c, hoa tay <\/span>v\u01b0\u01a1ng mi\u1ec7n)<\/li>\n<li><span class=\"OYPEnA font-feature-liga-off font-feature-clig-off font-feature-calt-off text-decoration-none text-strikethrough-none\">Makeup v\u00e0 l\u00e0m t\u00f3c theo style <\/span>c\u1ee7a trang ph\u1ee5c<\/li>\n<\/ul>\n","protected":false},"excerpt":{"rendered":"<p>4 Trang Ph\u1ee5c 02 v\u00e1y c\u01b0\u1edbi cao c\u1ea5p 02 vest (n\u01a1, c\u00e0 v\u1ea1t) Couple kimono cao c\u1ea5p ho\u1eb7c furisode 01 b\u1ed9 \u0111\u1eddi th\u01b0\u1eddng (Kh\u00e1ch t\u1ef1 ch\u1ecdn) Ph\u1ee5 ki\u1ec7n (voan t\u00f3c, hoa tay v\u01b0\u01a1ng mi\u1ec7n) Makeup v\u00e0 l\u00e0m t\u00f3c theo style c\u1ee7a trang ph\u1ee5c<\/p>\n","protected":false},"featured_media":754,"comment_status":"open","ping_status":"closed","template":"","meta":[],"product_cat":[23,22],"product_tag":[],"class_list":{"0":"post-123","1":"product","2":"type-product","3":"status-publish","4":"has-post-thumbnail","6":"product_cat-kimono","7":"product_cat-fuji","9":"first","10":"instock","11":"shipping-taxable","12":"purchasable","13":"product-type-simple"},"_links":{"self":[{"href":"https:\/\/www.haiyenstudio.jp\/index.php\/wp-json\/wp\/v2\/product\/123","targetHints":{"allow":["GET"]}}],"collection":[{"href":"https:\/\/www.haiyenstudio.jp\/index.php\/wp-json\/wp\/v2\/product"}],"about":[{"href":"https:\/\/www.haiyenstudio.jp\/index.php\/wp-json\/wp\/v2\/types\/product"}],"replies":[{"embeddable":true,"href":"https:\/\/www.haiyenstudio.jp\/index.php\/wp-json\/wp\/v2\/comments?post=123"}],"wp:featuredmedia":[{"embeddable":true,"href":"https:\/\/www.haiyenstudio.jp\/index.php\/wp-json\/wp\/v2\/media\/754"}],"wp:attachment":[{"href":"https:\/\/www.haiyenstudio.jp\/index.php\/wp-json\/wp\/v2\/media?parent=123"}],"wp:term":[{"taxonomy":"product_cat","embeddable":true,"href":"https:\/\/www.haiyenstudio.jp\/index.php\/wp-json\/wp\/v2\/product_cat?post=123"},{"taxonomy":"product_tag","embeddable":true,"href":"https:\/\/www.haiyenstudio.jp\/index.php\/wp-json\/wp\/v2\/product_tag?post=123"}],"curies":[{"name":"wp","href":"https:\/\/api.w.org\/{rel}","templated":true}]}}