{"id":124,"date":"2024-07-05T03:04:35","date_gmt":"2024-07-05T03:04:35","guid":{"rendered":"http:\/\/localhost:8888\/?post_type=product&#038;p=124"},"modified":"2024-08-18T07:59:53","modified_gmt":"2024-08-18T07:59:53","slug":"phusy1","status":"publish","type":"product","link":"https:\/\/www.haiyenstudio.jp\/index.php\/product\/phusy1\/","title":{"rendered":"G\u00f3i Ph\u00fa S\u1ef9 1"},"content":{"rendered":"<p>Gi\u00e1 thu\u00ea \u0111\u00e3 bao g\u1ed3m l\u00e0m t\u00f3c, ph\u1ee5 ki\u1ec7n ch\u1ee5p h\u00ecnh, d\u00e9p k\u00e8m theo.<\/p>\n","protected":false},"excerpt":{"rendered":"<p>Gi\u00e1 thu\u00ea \u0111\u00e3 bao g\u1ed3m l\u00e0m t\u00f3c, ph\u1ee5 ki\u1ec7n ch\u1ee5p h\u00ecnh, d\u00e9p k\u00e8m theo.<\/p>\n","protected":false},"featured_media":753,"comment_status":"open","ping_status":"closed","template":"","meta":[],"product_cat":[23,22],"product_tag":[],"class_list":{"0":"post-124","1":"product","2":"type-product","3":"status-publish","4":"has-post-thumbnail","6":"product_cat-kimono","7":"product_cat-fuji","9":"first","10":"instock","11":"shipping-taxable","12":"purchasable","13":"product-type-simple"},"_links":{"self":[{"href":"https:\/\/www.haiyenstudio.jp\/index.php\/wp-json\/wp\/v2\/product\/124","targetHints":{"allow":["GET"]}}],"collection":[{"href":"https:\/\/www.haiyenstudio.jp\/index.php\/wp-json\/wp\/v2\/product"}],"about":[{"href":"https:\/\/www.haiyenstudio.jp\/index.php\/wp-json\/wp\/v2\/types\/product"}],"replies":[{"embeddable":true,"href":"https:\/\/www.haiyenstudio.jp\/index.php\/wp-json\/wp\/v2\/comments?post=124"}],"wp:featuredmedia":[{"embeddable":true,"href":"https:\/\/www.haiyenstudio.jp\/index.php\/wp-json\/wp\/v2\/media\/753"}],"wp:attachment":[{"href":"https:\/\/www.haiyenstudio.jp\/index.php\/wp-json\/wp\/v2\/media?parent=124"}],"wp:term":[{"taxonomy":"product_cat","embeddable":true,"href":"https:\/\/www.haiyenstudio.jp\/index.php\/wp-json\/wp\/v2\/product_cat?post=124"},{"taxonomy":"product_tag","embeddable":true,"href":"https:\/\/www.haiyenstudio.jp\/index.php\/wp-json\/wp\/v2\/product_tag?post=124"}],"curies":[{"name":"wp","href":"https:\/\/api.w.org\/{rel}","templated":true}]}}