{"id":185,"date":"2024-07-09T08:55:48","date_gmt":"2024-07-09T08:55:48","guid":{"rendered":"http:\/\/localhost:8888\/?post_type=product&#038;p=185"},"modified":"2024-08-18T06:09:30","modified_gmt":"2024-08-18T06:09:30","slug":"product-title-goes-here-5","status":"publish","type":"product","link":"https:\/\/www.haiyenstudio.jp\/index.php\/product\/product-title-goes-here-5\/","title":{"rendered":"G\u00f3i Premium 1"},"content":{"rendered":"<p><span style=\"font-size: 14pt;\"><strong>2 trang ph\u1ee5c<\/strong><\/span><\/p>\n<ul>\n<li>01 v\u00e1y c\u01b0\u1edbi cao c\u1ea5p<\/li>\n<li>01 vest (n\u01a1, c\u00e0 v\u1ea1t)<\/li>\n<li>Couple Kimono cao c\u1ea5p ho\u1eb7c Furisode<\/li>\n<li>Ph\u1ee5 ki\u1ec7n (voan t\u00f3c, hoa tay, v\u01b0\u01a1ng mi\u1ec7n)<\/li>\n<li>Makeup v\u00e0 l\u00e0m t\u00f3c theo style c\u1ee7a trang ph\u1ee5c<\/li>\n<\/ul>\n","protected":false},"excerpt":{"rendered":"<p>2 trang ph\u1ee5c 01 v\u00e1y c\u01b0\u1edbi cao c\u1ea5p 01 vest (n\u01a1, c\u00e0 v\u1ea1t) Couple Kimono cao c\u1ea5p ho\u1eb7c Furisode Ph\u1ee5 ki\u1ec7n (voan t\u00f3c, hoa tay, v\u01b0\u01a1ng mi\u1ec7n) Makeup v\u00e0 l\u00e0m t\u00f3c theo style c\u1ee7a trang ph\u1ee5c<\/p>\n","protected":false},"featured_media":751,"comment_status":"open","ping_status":"closed","template":"","meta":[],"product_cat":[15,20,23,22,21],"product_tag":[],"class_list":{"0":"post-185","1":"product","2":"type-product","3":"status-publish","4":"has-post-thumbnail","6":"product_cat-tokyo","7":"product_cat-sea","8":"product_cat-kimono","9":"product_cat-fuji","10":"product_cat-studio","12":"first","13":"instock","14":"shipping-taxable","15":"purchasable","16":"product-type-simple"},"_links":{"self":[{"href":"https:\/\/www.haiyenstudio.jp\/index.php\/wp-json\/wp\/v2\/product\/185","targetHints":{"allow":["GET"]}}],"collection":[{"href":"https:\/\/www.haiyenstudio.jp\/index.php\/wp-json\/wp\/v2\/product"}],"about":[{"href":"https:\/\/www.haiyenstudio.jp\/index.php\/wp-json\/wp\/v2\/types\/product"}],"replies":[{"embeddable":true,"href":"https:\/\/www.haiyenstudio.jp\/index.php\/wp-json\/wp\/v2\/comments?post=185"}],"wp:featuredmedia":[{"embeddable":true,"href":"https:\/\/www.haiyenstudio.jp\/index.php\/wp-json\/wp\/v2\/media\/751"}],"wp:attachment":[{"href":"https:\/\/www.haiyenstudio.jp\/index.php\/wp-json\/wp\/v2\/media?parent=185"}],"wp:term":[{"taxonomy":"product_cat","embeddable":true,"href":"https:\/\/www.haiyenstudio.jp\/index.php\/wp-json\/wp\/v2\/product_cat?post=185"},{"taxonomy":"product_tag","embeddable":true,"href":"https:\/\/www.haiyenstudio.jp\/index.php\/wp-json\/wp\/v2\/product_tag?post=185"}],"curies":[{"name":"wp","href":"https:\/\/api.w.org\/{rel}","templated":true}]}}