{"id":500,"date":"2024-08-15T04:27:20","date_gmt":"2024-08-15T04:27:20","guid":{"rendered":"http:\/\/localhost:8888\/?post_type=product&#038;p=500"},"modified":"2024-08-18T04:04:39","modified_gmt":"2024-08-18T04:04:39","slug":"studio2-package","status":"publish","type":"product","link":"https:\/\/www.haiyenstudio.jp\/index.php\/product\/studio2-package\/","title":{"rendered":"G\u00f3i studio 2"},"content":{"rendered":"<p><span style=\"font-size: 14pt;\"><strong>2 trang ph\u1ee5c<\/strong><\/span><\/p>\n<ul>\n<li>02 v\u00e1y c\u01b0\u1edbi cao c\u1ea5p<\/li>\n<li>02 vest (n\u01a1, c\u00e0 v\u1ea1t)<\/li>\n<li>Ph\u1ee5 ki\u1ec7n (voan t\u00f3c, hoa tay, v\u01b0\u01a1ng mi\u1ec7n)<\/li>\n<li>Makeup v\u00e0 l\u00e0m t\u00f3c theo style c\u1ee7a trang ph\u1ee5c<\/li>\n<\/ul>\n","protected":false},"excerpt":{"rendered":"<p>2 trang ph\u1ee5c 02 v\u00e1y c\u01b0\u1edbi cao c\u1ea5p 02 vest (n\u01a1, c\u00e0 v\u1ea1t) Ph\u1ee5 ki\u1ec7n (voan t\u00f3c, hoa tay, v\u01b0\u01a1ng mi\u1ec7n) Makeup v\u00e0 l\u00e0m t\u00f3c theo style c\u1ee7a trang ph\u1ee5c<\/p>\n","protected":false},"featured_media":749,"comment_status":"open","ping_status":"closed","template":"","meta":[],"product_cat":[15,21],"product_tag":[],"class_list":{"0":"post-500","1":"product","2":"type-product","3":"status-publish","4":"has-post-thumbnail","6":"product_cat-tokyo","7":"product_cat-studio","9":"first","10":"instock","11":"shipping-taxable","12":"purchasable","13":"product-type-simple"},"_links":{"self":[{"href":"https:\/\/www.haiyenstudio.jp\/index.php\/wp-json\/wp\/v2\/product\/500","targetHints":{"allow":["GET"]}}],"collection":[{"href":"https:\/\/www.haiyenstudio.jp\/index.php\/wp-json\/wp\/v2\/product"}],"about":[{"href":"https:\/\/www.haiyenstudio.jp\/index.php\/wp-json\/wp\/v2\/types\/product"}],"replies":[{"embeddable":true,"href":"https:\/\/www.haiyenstudio.jp\/index.php\/wp-json\/wp\/v2\/comments?post=500"}],"wp:featuredmedia":[{"embeddable":true,"href":"https:\/\/www.haiyenstudio.jp\/index.php\/wp-json\/wp\/v2\/media\/749"}],"wp:attachment":[{"href":"https:\/\/www.haiyenstudio.jp\/index.php\/wp-json\/wp\/v2\/media?parent=500"}],"wp:term":[{"taxonomy":"product_cat","embeddable":true,"href":"https:\/\/www.haiyenstudio.jp\/index.php\/wp-json\/wp\/v2\/product_cat?post=500"},{"taxonomy":"product_tag","embeddable":true,"href":"https:\/\/www.haiyenstudio.jp\/index.php\/wp-json\/wp\/v2\/product_tag?post=500"}],"curies":[{"name":"wp","href":"https:\/\/api.w.org\/{rel}","templated":true}]}}